{"id":533,"date":"2016-03-24T13:12:57","date_gmt":"2016-03-24T12:12:57","guid":{"rendered":"http:\/\/www.gerjahelden.nl\/de\/?page_id=533"},"modified":"2016-04-01T15:19:00","modified_gmt":"2016-04-01T13:19:00","slug":"verpackung","status":"publish","type":"page","link":"https:\/\/www.gerjahelden.nl\/de\/verpackung\/","title":{"rendered":"Verpackung"},"content":{"rendered":"<p>[et_pb_section admin_label=&#8220;Sectie&#8220; fullwidth=&#8220;on&#8220; specialty=&#8220;off&#8220; transparent_background=&#8220;on&#8220; allow_player_pause=&#8220;off&#8220; inner_shadow=&#8220;off&#8220; parallax=&#8220;off&#8220; parallax_method=&#8220;off&#8220; padding_mobile=&#8220;off&#8220; make_fullwidth=&#8220;off&#8220; use_custom_width=&#8220;off&#8220; width_unit=&#8220;on&#8220; make_equal=&#8220;off&#8220; use_custom_gutter=&#8220;off&#8220;][et_pb_fullwidth_post_title admin_label=&#8220;Berichtstitel volle breedte met achtergrond&#8220; title=&#8220;on&#8220; meta=&#8220;off&#8220; author=&#8220;on&#8220; date=&#8220;on&#8220; categories=&#8220;on&#8220; comments=&#8220;on&#8220; featured_image=&#8220;off&#8220; featured_placement=&#8220;background&#8220; parallax_effect=&#8220;off&#8220; parallax_method=&#8220;on&#8220; text_orientation=&#8220;left&#8220; text_color=&#8220;dark&#8220; text_background=&#8220;off&#8220; text_bg_color=&#8220;rgba(255,255,255,0.9)&#8220; module_bg_color=&#8220;rgba(255,255,255,0)&#8220; title_all_caps=&#8220;off&#8220; use_border_color=&#8220;off&#8220; border_color=&#8220;#ffffff&#8220; border_style=&#8220;solid&#8220; title_font_size=&#8220;100px&#8220; module_class=&#8220;titlebg&#8220;] [\/et_pb_fullwidth_post_title][et_pb_fullwidth_code admin_label=&#8220;Horzintale blauwe lijn volle breedte&#8220;]&lt;hr class=&#8220;blue-line&#8220;&gt;[\/et_pb_fullwidth_code][\/et_pb_section][et_pb_section admin_label=&#8220;section&#8220; transparent_background=&#8220;on&#8220; allow_player_pause=&#8220;off&#8220; inner_shadow=&#8220;off&#8220; parallax=&#8220;off&#8220; parallax_method=&#8220;off&#8220; padding_mobile=&#8220;off&#8220; make_fullwidth=&#8220;off&#8220; use_custom_width=&#8220;off&#8220; width_unit=&#8220;on&#8220; make_equal=&#8220;off&#8220; use_custom_gutter=&#8220;off&#8220;][et_pb_row admin_label=&#8220;row&#8220;][et_pb_column type=&#8220;4_4&#8243;][et_pb_image admin_label=&#8220;Afbeelding&#8220; src=&#8220;http:\/\/www.gerjahelden.nl\/wp-content\/uploads\/2016\/03\/verpakken_header.jpg&#8220; alt=&#8220;Verpakken&#8220; show_in_lightbox=&#8220;off&#8220; url_new_window=&#8220;off&#8220; use_overlay=&#8220;off&#8220; animation=&#8220;fade_in&#8220; sticky=&#8220;off&#8220; align=&#8220;left&#8220; force_fullwidth=&#8220;off&#8220; always_center_on_mobile=&#8220;on&#8220; use_border_color=&#8220;off&#8220; border_color=&#8220;#ffffff&#8220; border_style=&#8220;solid&#8220;] [\/et_pb_image][et_pb_text admin_label=&#8220;Tekst&#8220; background_layout=&#8220;light&#8220; text_orientation=&#8220;left&#8220; use_border_color=&#8220;off&#8220; border_color=&#8220;#ffffff&#8220; border_style=&#8220;solid&#8220; module_class=&#8220;verpakken-intro&#8220;]<\/p>\n<p>Gerja Helden bietet unterschiedliche M\u00f6glichkeiten zum Verpacken Ihrer Gerberas und Germinis. Die Verpackungsw\u00fcnsche werden kundenspezifisch ausgef\u00fchrt. Klicken Sie auf die folgenden Verpackungsm\u00f6glichkeiten, um ein Beispiel abzurufen:<\/p>\n<p>[\/et_pb_text][\/et_pb_column][\/et_pb_row][\/et_pb_section][et_pb_section admin_label=&#8220;Sectie&#8220; fullwidth=&#8220;on&#8220; specialty=&#8220;off&#8220;][et_pb_fullwidth_code admin_label=&#8220;Horzintale blauwe lijn volle breedte&#8220;]&lt;hr class=&#8220;blue-line&#8220;&gt;[\/et_pb_fullwidth_code][\/et_pb_section][et_pb_section admin_label=&#8220;Sectie&#8220; fullwidth=&#8220;off&#8220; specialty=&#8220;off&#8220; transparent_background=&#8220;on&#8220; allow_player_pause=&#8220;off&#8220; inner_shadow=&#8220;off&#8220; parallax=&#8220;off&#8220; parallax_method=&#8220;off&#8220; padding_mobile=&#8220;off&#8220; make_fullwidth=&#8220;off&#8220; use_custom_width=&#8220;off&#8220; width_unit=&#8220;on&#8220; make_equal=&#8220;off&#8220; use_custom_gutter=&#8220;off&#8220;][et_pb_row admin_label=&#8220;Rij&#8220;][et_pb_column type=&#8220;1_2&#8243;][et_pb_text admin_label=&#8220;Doosverpakking&#8220; background_layout=&#8220;light&#8220; text_orientation=&#8220;left&#8220; use_border_color=&#8220;off&#8220; border_color=&#8220;#ffffff&#8220; border_style=&#8220;solid&#8220;]<\/p>\n<h2><strong>Blumenkartons<\/strong><\/h2>\n<p>Unsere Gerberas und Germinis k\u00f6nnen in der Standardverpackung f\u00fcr Gerberas verarbeitet werden, n\u00e4mlich im Gerberakarton (Verpackungscode 612) und im Germinikarton (Verpackungscode 614).<\/p>\n<p>[\/et_pb_text][\/et_pb_column][et_pb_column type=&#8220;1_4&#8243;][et_pb_image admin_label=&#8220;Afbeelding&#8220; src=&#8220;http:\/\/www.gerjahelden.nl\/wp-content\/uploads\/2016\/03\/doos-gerbera-1.png&#8220; alt=&#8220;Doosverpakking gerbera&#8217;s&#8220; show_in_lightbox=&#8220;off&#8220; url_new_window=&#8220;off&#8220; use_overlay=&#8220;off&#8220; animation=&#8220;right&#8220; sticky=&#8220;off&#8220; align=&#8220;center&#8220; force_fullwidth=&#8220;off&#8220; always_center_on_mobile=&#8220;on&#8220; use_border_color=&#8220;off&#8220; border_color=&#8220;#ffffff&#8220; border_style=&#8220;solid&#8220;] [\/et_pb_image][\/et_pb_column][et_pb_column type=&#8220;1_4&#8243;][et_pb_image admin_label=&#8220;Afbeelding&#8220; src=&#8220;http:\/\/www.gerjahelden.nl\/wp-content\/uploads\/2016\/03\/doos-germini-1.png&#8220; alt=&#8220;Doosverpakking germini&#8217;s&#8220; show_in_lightbox=&#8220;off&#8220; url_new_window=&#8220;off&#8220; use_overlay=&#8220;off&#8220; animation=&#8220;right&#8220; sticky=&#8220;off&#8220; align=&#8220;center&#8220; force_fullwidth=&#8220;off&#8220; always_center_on_mobile=&#8220;on&#8220; use_border_color=&#8220;off&#8220; border_color=&#8220;#ffffff&#8220; border_style=&#8220;solid&#8220;] [\/et_pb_image][\/et_pb_column][\/et_pb_row][\/et_pb_section][et_pb_section admin_label=&#8220;Sectie&#8220; fullwidth=&#8220;on&#8220; specialty=&#8220;off&#8220;][et_pb_fullwidth_code admin_label=&#8220;Horzintale blauwe lijn volle breedte&#8220;]&lt;hr class=&#8220;blue-line&#8220;&gt;[\/et_pb_fullwidth_code][\/et_pb_section][et_pb_section admin_label=&#8220;Sectie&#8220; fullwidth=&#8220;off&#8220; specialty=&#8220;off&#8220; transparent_background=&#8220;on&#8220; allow_player_pause=&#8220;off&#8220; inner_shadow=&#8220;off&#8220; parallax=&#8220;off&#8220; parallax_method=&#8220;off&#8220; padding_mobile=&#8220;off&#8220; make_fullwidth=&#8220;off&#8220; use_custom_width=&#8220;off&#8220; width_unit=&#8220;on&#8220; make_equal=&#8220;off&#8220; use_custom_gutter=&#8220;off&#8220;][et_pb_row admin_label=&#8220;Rij&#8220;][et_pb_column type=&#8220;1_2&#8243;][et_pb_text admin_label=&#8220;Gebost op water&#8220; background_layout=&#8220;light&#8220; text_orientation=&#8220;left&#8220; use_border_color=&#8220;off&#8220; border_color=&#8220;#ffffff&#8220; border_style=&#8220;solid&#8220;]<\/p>\n<h2>Geb\u00fcndelt in Wasser<\/h2>\n<p>Da wir eine B\u00fcndelmaschine verwenden, k\u00f6nnen sowohl die Gerberas als auch die Germinis zu Str\u00e4u\u00dfen mit einer bestimmten Anzahl von Blumen geb\u00fcndelt und in Verpackung 996 verpackt werden. Standardm\u00e4\u00dfig werden die Germinis zu 20 St\u00fcck geb\u00fcndelt und in Verpackung 996 gestellt.<\/p>\n<p>[\/et_pb_text][\/et_pb_column][et_pb_column type=&#8220;1_4&#8243;][et_pb_image admin_label=&#8220;Afbeelding&#8220; src=&#8220;http:\/\/www.gerjahelden.nl\/wp-content\/uploads\/2016\/03\/gebost-op-water-gerbera-1.png&#8220; show_in_lightbox=&#8220;off&#8220; url_new_window=&#8220;off&#8220; use_overlay=&#8220;off&#8220; animation=&#8220;left&#8220; sticky=&#8220;off&#8220; align=&#8220;left&#8220; force_fullwidth=&#8220;off&#8220; always_center_on_mobile=&#8220;on&#8220; use_border_color=&#8220;off&#8220; border_color=&#8220;#ffffff&#8220; border_style=&#8220;solid&#8220;] [\/et_pb_image][\/et_pb_column][et_pb_column type=&#8220;1_4&#8243;][et_pb_image admin_label=&#8220;Afbeelding&#8220; src=&#8220;http:\/\/www.gerjahelden.nl\/wp-content\/uploads\/2016\/03\/gebost-op-water-germini-1.png&#8220; show_in_lightbox=&#8220;off&#8220; url_new_window=&#8220;off&#8220; use_overlay=&#8220;off&#8220; animation=&#8220;left&#8220; sticky=&#8220;off&#8220; align=&#8220;left&#8220; force_fullwidth=&#8220;off&#8220; always_center_on_mobile=&#8220;on&#8220; use_border_color=&#8220;off&#8220; border_color=&#8220;#ffffff&#8220; border_style=&#8220;solid&#8220;] [\/et_pb_image][\/et_pb_column][\/et_pb_row][\/et_pb_section][et_pb_section admin_label=&#8220;Sectie&#8220; fullwidth=&#8220;on&#8220; specialty=&#8220;off&#8220;][et_pb_fullwidth_code admin_label=&#8220;Horzintale blauwe lijn volle breedte&#8220;]&lt;hr class=&#8220;blue-line&#8220;&gt;[\/et_pb_fullwidth_code][\/et_pb_section][et_pb_section admin_label=&#8220;Sectie&#8220; fullwidth=&#8220;off&#8220; specialty=&#8220;off&#8220; transparent_background=&#8220;on&#8220; allow_player_pause=&#8220;off&#8220; inner_shadow=&#8220;off&#8220; parallax=&#8220;off&#8220; parallax_method=&#8220;off&#8220; padding_mobile=&#8220;off&#8220; make_fullwidth=&#8220;off&#8220; use_custom_width=&#8220;off&#8220; width_unit=&#8220;on&#8220; make_equal=&#8220;off&#8220; use_custom_gutter=&#8220;off&#8220;][et_pb_row admin_label=&#8220;Rij&#8220;][et_pb_column type=&#8220;1_2&#8243;][et_pb_text admin_label=&#8220;Diamond verpakking&#8220; background_layout=&#8220;light&#8220; text_orientation=&#8220;left&#8220; use_border_color=&#8220;off&#8220; border_color=&#8220;#ffffff&#8220; border_style=&#8220;solid&#8220;]<\/p>\n<h2>Diamond-Verpackung<\/h2>\n<p>Die Gerberas und Germinis k\u00f6nnen auf Bestellung auch in der Diamond-Box verpackt werden. Der gro\u00dfe Vorteil dieser Verpackung ist die geringe Wahrscheinlichkeit auf Besch\u00e4digung der Blumen sowie die Tatsache, dass die Blume im Wasser steht und somit ihre gute Qualit\u00e4t beh\u00e4lt. Gerberas stehen in 3 Boxen zu jeweils 15 Blumen in einem Eimer mit Aufsatz (Verpackungscode 996). Germinis stehen in 4 Boxen zu jeweils 20 Blumen.<\/p>\n<p>[\/et_pb_text][\/et_pb_column][et_pb_column type=&#8220;1_4&#8243;][et_pb_image admin_label=&#8220;Afbeelding&#8220; src=&#8220;http:\/\/www.gerjahelden.nl\/wp-content\/uploads\/2016\/03\/diamondverpakking1-e1459340061555.png&#8220; show_in_lightbox=&#8220;off&#8220; url_new_window=&#8220;off&#8220; use_overlay=&#8220;off&#8220; animation=&#8220;left&#8220; sticky=&#8220;off&#8220; align=&#8220;left&#8220; force_fullwidth=&#8220;off&#8220; always_center_on_mobile=&#8220;on&#8220; use_border_color=&#8220;off&#8220; border_color=&#8220;#ffffff&#8220; border_style=&#8220;solid&#8220;] [\/et_pb_image][\/et_pb_column][et_pb_column type=&#8220;1_4&#8243;][et_pb_image admin_label=&#8220;Afbeelding&#8220; src=&#8220;http:\/\/www.gerjahelden.nl\/wp-content\/uploads\/2016\/03\/diamondverpakking2-e1459340239187.png&#8220; show_in_lightbox=&#8220;off&#8220; url_new_window=&#8220;off&#8220; use_overlay=&#8220;off&#8220; animation=&#8220;left&#8220; sticky=&#8220;off&#8220; align=&#8220;left&#8220; force_fullwidth=&#8220;off&#8220; always_center_on_mobile=&#8220;on&#8220; use_border_color=&#8220;off&#8220; border_color=&#8220;#ffffff&#8220; border_style=&#8220;solid&#8220;] [\/et_pb_image][\/et_pb_column][\/et_pb_row][\/et_pb_section][et_pb_section admin_label=&#8220;Sectie&#8220; fullwidth=&#8220;on&#8220; specialty=&#8220;off&#8220;][et_pb_fullwidth_code admin_label=&#8220;Horzintale blauwe lijn volle breedte&#8220;]&lt;hr class=&#8220;blue-line&#8220;&gt;[\/et_pb_fullwidth_code][\/et_pb_section][et_pb_section admin_label=&#8220;Sectie&#8220; fullwidth=&#8220;off&#8220; specialty=&#8220;off&#8220; transparent_background=&#8220;on&#8220; allow_player_pause=&#8220;off&#8220; inner_shadow=&#8220;off&#8220; parallax=&#8220;off&#8220; parallax_method=&#8220;off&#8220; padding_mobile=&#8220;off&#8220; make_fullwidth=&#8220;off&#8220; use_custom_width=&#8220;off&#8220; width_unit=&#8220;on&#8220; make_equal=&#8220;off&#8220; use_custom_gutter=&#8220;off&#8220;][et_pb_row admin_label=&#8220;Rij&#8220;][et_pb_column type=&#8220;1_2&#8243;][et_pb_text admin_label=&#8220;Boeketten&#8220; background_layout=&#8220;light&#8220; text_orientation=&#8220;left&#8220; use_border_color=&#8220;off&#8220; border_color=&#8220;#ffffff&#8220; border_style=&#8220;solid&#8220;]<\/p>\n<h2>Buketts<\/h2>\n<p>Auch Buketts k\u00f6nnen bestellt werden. Die Zusammenstellung dieser Buketts und die Farbkombination der Eimer werden in R\u00fccksprache vereinbart.<\/p>\n<p>[\/et_pb_text][\/et_pb_column][et_pb_column type=&#8220;1_4&#8243;][et_pb_image admin_label=&#8220;Afbeelding&#8220; src=&#8220;http:\/\/www.gerjahelden.nl\/wp-content\/uploads\/2016\/03\/boeket-gerbera-1.png&#8220; show_in_lightbox=&#8220;off&#8220; url_new_window=&#8220;off&#8220; use_overlay=&#8220;off&#8220; animation=&#8220;right&#8220; sticky=&#8220;off&#8220; align=&#8220;left&#8220; force_fullwidth=&#8220;off&#8220; always_center_on_mobile=&#8220;on&#8220; use_border_color=&#8220;off&#8220; border_color=&#8220;#ffffff&#8220; border_style=&#8220;solid&#8220;] [\/et_pb_image][\/et_pb_column][et_pb_column type=&#8220;1_4&#8243;][et_pb_image admin_label=&#8220;Afbeelding&#8220; src=&#8220;http:\/\/www.gerjahelden.nl\/wp-content\/uploads\/2016\/03\/boeket-germini-1.png&#8220; show_in_lightbox=&#8220;off&#8220; url_new_window=&#8220;off&#8220; use_overlay=&#8220;off&#8220; animation=&#8220;right&#8220; sticky=&#8220;off&#8220; align=&#8220;left&#8220; force_fullwidth=&#8220;off&#8220; always_center_on_mobile=&#8220;on&#8220; use_border_color=&#8220;off&#8220; border_color=&#8220;#ffffff&#8220; border_style=&#8220;solid&#8220;] [\/et_pb_image][\/et_pb_column][\/et_pb_row][\/et_pb_section]<\/p>\n","protected":false},"excerpt":{"rendered":"<p>[et_pb_section admin_label=&#8220;Sectie&#8220; fullwidth=&#8220;on&#8220; specialty=&#8220;off&#8220; transparent_background=&#8220;on&#8220; allow_player_pause=&#8220;off&#8220; inner_shadow=&#8220;off&#8220; parallax=&#8220;off&#8220; parallax_method=&#8220;off&#8220; padding_mobile=&#8220;off&#8220; make_fullwidth=&#8220;off&#8220; use_custom_width=&#8220;off&#8220; width_unit=&#8220;on&#8220; make_equal=&#8220;off&#8220; use_custom_gutter=&#8220;off&#8220;][et_pb_fullwidth_post_title admin_label=&#8220;Berichtstitel volle breedte met achtergrond&#8220; title=&#8220;on&#8220; meta=&#8220;off&#8220; author=&#8220;on&#8220; date=&#8220;on&#8220; categories=&#8220;on&#8220; comments=&#8220;on&#8220; featured_image=&#8220;off&#8220; featured_placement=&#8220;background&#8220; parallax_effect=&#8220;off&#8220; parallax_method=&#8220;on&#8220; text_orientation=&#8220;left&#8220; text_color=&#8220;dark&#8220; text_background=&#8220;off&#8220; text_bg_color=&#8220;rgba(255,255,255,0.9)&#8220; module_bg_color=&#8220;rgba(255,255,255,0)&#8220; title_all_caps=&#8220;off&#8220; use_border_color=&#8220;off&#8220; border_color=&#8220;#ffffff&#8220; border_style=&#8220;solid&#8220; title_font_size=&#8220;100px&#8220; module_class=&#8220;titlebg&#8220;] [\/et_pb_fullwidth_post_title][et_pb_fullwidth_code admin_label=&#8220;Horzintale blauwe lijn volle breedte&#8220;]&lt;hr class=&#8220;blue-line&#8220;&gt;[\/et_pb_fullwidth_code][\/et_pb_section][et_pb_section admin_label=&#8220;section&#8220; transparent_background=&#8220;on&#8220; allow_player_pause=&#8220;off&#8220; inner_shadow=&#8220;off&#8220; parallax=&#8220;off&#8220; parallax_method=&#8220;off&#8220; padding_mobile=&#8220;off&#8220; [&hellip;]<\/p>\n","protected":false},"author":1,"featured_media":0,"parent":0,"menu_order":0,"comment_status":"closed","ping_status":"closed","template":"","meta":{"_et_pb_use_builder":"on","_et_pb_old_content":"<p>[et_pb_section admin_label=\"Sectie\" fullwidth=\"on\" specialty=\"off\" transparent_background=\"on\" allow_player_pause=\"off\" inner_shadow=\"off\" parallax=\"off\" parallax_method=\"off\" padding_mobile=\"off\" make_fullwidth=\"off\" use_custom_width=\"off\" width_unit=\"on\" make_equal=\"off\" use_custom_gutter=\"off\"][et_pb_fullwidth_post_title admin_label=\"Berichtstitel volle breedte met achtergrond\" title=\"on\" meta=\"off\" author=\"on\" date=\"on\" categories=\"on\" comments=\"on\" featured_image=\"off\" featured_placement=\"background\" parallax_effect=\"off\" parallax_method=\"on\" text_orientation=\"left\" text_color=\"dark\" text_background=\"off\" text_bg_color=\"rgba(255,255,255,0.9)\" module_bg_color=\"rgba(255,255,255,0)\" title_all_caps=\"off\" use_border_color=\"off\" border_color=\"#ffffff\" border_style=\"solid\" title_font_size=\"100px\" module_class=\"titlebg\"] [\/et_pb_fullwidth_post_title][et_pb_fullwidth_code admin_label=\"Horzintale blauwe lijn volle breedte\"]<hr class=\"blue-line\">[\/et_pb_fullwidth_code][\/et_pb_section][et_pb_section admin_label=\"section\" transparent_background=\"on\" allow_player_pause=\"off\" inner_shadow=\"off\" parallax=\"off\" parallax_method=\"off\" padding_mobile=\"off\" make_fullwidth=\"off\" use_custom_width=\"off\" width_unit=\"on\" make_equal=\"off\" use_custom_gutter=\"off\"][et_pb_row admin_label=\"row\"][et_pb_column type=\"4_4\"][et_pb_image admin_label=\"Afbeelding\" src=\"http:\/\/www.gerjahelden.nl\/wp-content\/uploads\/2016\/03\/verpakken_header.jpg\" alt=\"Verpakken\" show_in_lightbox=\"off\" url_new_window=\"off\" use_overlay=\"off\" animation=\"fade_in\" sticky=\"off\" align=\"left\" force_fullwidth=\"off\" always_center_on_mobile=\"on\" use_border_color=\"off\" border_color=\"#ffffff\" border_style=\"solid\"] [\/et_pb_image][et_pb_text admin_label=\"Tekst\" background_layout=\"light\" text_orientation=\"left\" use_border_color=\"off\" border_color=\"#ffffff\" border_style=\"solid\" module_class=\"verpakken-intro\"]<\/p><p style=\"text-align: center;\">Gerja Helden heeft diverse mogelijkheden om uw Gerbera\u2019s en Germini\u2019s te verpakken. De verpakkingswensen worden klantspecifiek uitgevoerd. Klik op de volgende verpakkingsmogelijkheden om een voorbeeld te zien:<\/p><p>[\/et_pb_text][\/et_pb_column][\/et_pb_row][\/et_pb_section][et_pb_section admin_label=\"Sectie\" fullwidth=\"on\" specialty=\"off\"][et_pb_fullwidth_code admin_label=\"Horzintale blauwe lijn volle breedte\"]<hr class=\"blue-line\">[\/et_pb_fullwidth_code][\/et_pb_section][et_pb_section admin_label=\"Sectie\" fullwidth=\"off\" specialty=\"off\" transparent_background=\"on\" allow_player_pause=\"off\" inner_shadow=\"off\" parallax=\"off\" parallax_method=\"off\" padding_mobile=\"off\" make_fullwidth=\"off\" use_custom_width=\"off\" width_unit=\"on\" make_equal=\"off\" use_custom_gutter=\"off\"][et_pb_row admin_label=\"Rij\"][et_pb_column type=\"1_2\"][et_pb_text admin_label=\"Doosverpakking\" background_layout=\"light\" text_orientation=\"left\" use_border_color=\"off\" border_color=\"#ffffff\" border_style=\"solid\"]<\/p><h2>Doosverpakking<\/h2><p>Onze gerbera\u2019s en gemini\u2019s kunnen in de standaard gerbera verpakking verwerkt worden, namelijk de gerberadoos (fustcode 612) en de germinidoos (fustcode 614).<\/p><p>[\/et_pb_text][\/et_pb_column][et_pb_column type=\"1_4\"][et_pb_image admin_label=\"Afbeelding\" src=\"http:\/\/www.gerjahelden.nl\/wp-content\/uploads\/2016\/03\/doos-gerbera-1.png\" alt=\"Doosverpakking gerbera's\" show_in_lightbox=\"off\" url_new_window=\"off\" use_overlay=\"off\" animation=\"right\" sticky=\"off\" align=\"center\" force_fullwidth=\"off\" always_center_on_mobile=\"on\" use_border_color=\"off\" border_color=\"#ffffff\" border_style=\"solid\"] [\/et_pb_image][\/et_pb_column][et_pb_column type=\"1_4\"][et_pb_image admin_label=\"Afbeelding\" src=\"http:\/\/www.gerjahelden.nl\/wp-content\/uploads\/2016\/03\/doos-germini-1.png\" alt=\"Doosverpakking germini's\" show_in_lightbox=\"off\" url_new_window=\"off\" use_overlay=\"off\" animation=\"right\" sticky=\"off\" align=\"center\" force_fullwidth=\"off\" always_center_on_mobile=\"on\" use_border_color=\"off\" border_color=\"#ffffff\" border_style=\"solid\"] [\/et_pb_image][\/et_pb_column][\/et_pb_row][\/et_pb_section][et_pb_section admin_label=\"Sectie\" fullwidth=\"on\" specialty=\"off\"][et_pb_fullwidth_code admin_label=\"Horzintale blauwe lijn volle breedte\"]<hr class=\"blue-line\">[\/et_pb_fullwidth_code][\/et_pb_section][et_pb_section admin_label=\"Sectie\" fullwidth=\"off\" specialty=\"off\" transparent_background=\"on\" allow_player_pause=\"off\" inner_shadow=\"off\" parallax=\"off\" parallax_method=\"off\" padding_mobile=\"off\" make_fullwidth=\"off\" use_custom_width=\"off\" width_unit=\"on\" make_equal=\"off\" use_custom_gutter=\"off\"][et_pb_row admin_label=\"Rij\"][et_pb_column type=\"1_2\"][et_pb_text admin_label=\"Gebost op water\" background_layout=\"light\" text_orientation=\"left\" use_border_color=\"off\" border_color=\"#ffffff\" border_style=\"solid\"]<\/p><h2>Gebost op water<\/h2><p>Vanwege het feit dat we gebruik maken van een bosmachine is het mogelijk dat zowel de gerbera\u2019s als de germini\u2019s op een afgesproken aantal gebost worden en een fust 996 verpakt worden. Standaard worden de germini\u2019s op 20 gebost en in een fust 996 gezet.<\/p><p>[\/et_pb_text][\/et_pb_column][et_pb_column type=\"1_4\"][et_pb_image admin_label=\"Afbeelding\" src=\"http:\/\/www.gerjahelden.nl\/wp-content\/uploads\/2016\/03\/gebost-op-water-gerbera-1.png\" show_in_lightbox=\"off\" url_new_window=\"off\" use_overlay=\"off\" animation=\"left\" sticky=\"off\" align=\"left\" force_fullwidth=\"off\" always_center_on_mobile=\"on\" use_border_color=\"off\" border_color=\"#ffffff\" border_style=\"solid\"] [\/et_pb_image][\/et_pb_column][et_pb_column type=\"1_4\"][et_pb_image admin_label=\"Afbeelding\" src=\"http:\/\/www.gerjahelden.nl\/wp-content\/uploads\/2016\/03\/gebost-op-water-germini-1.png\" show_in_lightbox=\"off\" url_new_window=\"off\" use_overlay=\"off\" animation=\"left\" sticky=\"off\" align=\"left\" force_fullwidth=\"off\" always_center_on_mobile=\"on\" use_border_color=\"off\" border_color=\"#ffffff\" border_style=\"solid\"] [\/et_pb_image][\/et_pb_column][\/et_pb_row][\/et_pb_section][et_pb_section admin_label=\"Sectie\" fullwidth=\"on\" specialty=\"off\"][et_pb_fullwidth_code admin_label=\"Horzintale blauwe lijn volle breedte\"]<hr class=\"blue-line\">[\/et_pb_fullwidth_code][\/et_pb_section][et_pb_section admin_label=\"Sectie\" fullwidth=\"off\" specialty=\"off\" transparent_background=\"on\" allow_player_pause=\"off\" inner_shadow=\"off\" parallax=\"off\" parallax_method=\"off\" padding_mobile=\"off\" make_fullwidth=\"off\" use_custom_width=\"off\" width_unit=\"on\" make_equal=\"off\" use_custom_gutter=\"off\"][et_pb_row admin_label=\"Rij\"][et_pb_column type=\"1_2\"][et_pb_text admin_label=\"Diamond verpakking\" background_layout=\"light\" text_orientation=\"left\" use_border_color=\"off\" border_color=\"#ffffff\" border_style=\"solid\"]<\/p><h2>Diamond verpakking<\/h2><p>De gerbera\u2019s en germini\u2019s kunnen ook op bestelling in de Diamond box verpakt worden. Het grote voordeel van deze verpakking is de geringe kans van beschadiging van de bloem als ook het feit dat de bloem op water staat en zodoende van goede kwaliteit blijft. Bij de gerbera\u2019s staan 3 boxen met elk 15 bloemen in een emmer met opzetstuk (fustcode 996). Bij de germini\u2019s zijn dit 4 boxen met elk 20 bloemen.<\/p><p>[\/et_pb_text][\/et_pb_column][et_pb_column type=\"1_4\"][et_pb_image admin_label=\"Afbeelding\" src=\"http:\/\/www.gerjahelden.nl\/wp-content\/uploads\/2016\/03\/diamond-gerbera-1.png\" show_in_lightbox=\"off\" url_new_window=\"off\" use_overlay=\"off\" animation=\"left\" sticky=\"off\" align=\"left\" force_fullwidth=\"off\" always_center_on_mobile=\"on\" use_border_color=\"off\" border_color=\"#ffffff\" border_style=\"solid\"] [\/et_pb_image][\/et_pb_column][et_pb_column type=\"1_4\"][et_pb_image admin_label=\"Afbeelding\" src=\"http:\/\/www.gerjahelden.nl\/wp-content\/uploads\/2016\/03\/diamond-germini-1.png\" show_in_lightbox=\"off\" url_new_window=\"off\" use_overlay=\"off\" animation=\"left\" sticky=\"off\" align=\"left\" force_fullwidth=\"off\" always_center_on_mobile=\"on\" use_border_color=\"off\" border_color=\"#ffffff\" border_style=\"solid\"] [\/et_pb_image][\/et_pb_column][\/et_pb_row][\/et_pb_section][et_pb_section admin_label=\"Sectie\" fullwidth=\"on\" specialty=\"off\"][et_pb_fullwidth_code admin_label=\"Horzintale blauwe lijn volle breedte\"]<hr class=\"blue-line\">[\/et_pb_fullwidth_code][\/et_pb_section][et_pb_section admin_label=\"Sectie\" fullwidth=\"off\" specialty=\"off\" transparent_background=\"on\" allow_player_pause=\"off\" inner_shadow=\"off\" parallax=\"off\" parallax_method=\"off\" padding_mobile=\"off\" make_fullwidth=\"off\" use_custom_width=\"off\" width_unit=\"on\" make_equal=\"off\" use_custom_gutter=\"off\"][et_pb_row admin_label=\"Rij\"][et_pb_column type=\"1_2\"][et_pb_text admin_label=\"Boeketten\" background_layout=\"light\" text_orientation=\"left\" use_border_color=\"off\" border_color=\"#ffffff\" border_style=\"solid\"]<\/p><h2>Boeketten<\/h2><p>Ook het maken van boeketten behoort tot onze mogelijkheden. De samenstelling van deze boeketten en de kleursamenstelling van de emmers wordt in onderling overleg bepaald.<\/p><p>[\/et_pb_text][\/et_pb_column][et_pb_column type=\"1_4\"][et_pb_image admin_label=\"Afbeelding\" src=\"http:\/\/www.gerjahelden.nl\/wp-content\/uploads\/2016\/03\/boeket-gerbera-1.png\" show_in_lightbox=\"off\" url_new_window=\"off\" use_overlay=\"off\" animation=\"right\" sticky=\"off\" align=\"left\" force_fullwidth=\"off\" always_center_on_mobile=\"on\" use_border_color=\"off\" border_color=\"#ffffff\" border_style=\"solid\"] [\/et_pb_image][\/et_pb_column][et_pb_column type=\"1_4\"][et_pb_image admin_label=\"Afbeelding\" src=\"http:\/\/www.gerjahelden.nl\/wp-content\/uploads\/2016\/03\/boeket-germini-1.png\" show_in_lightbox=\"off\" url_new_window=\"off\" use_overlay=\"off\" animation=\"right\" sticky=\"off\" align=\"left\" force_fullwidth=\"off\" always_center_on_mobile=\"on\" use_border_color=\"off\" border_color=\"#ffffff\" border_style=\"solid\"] [\/et_pb_image][\/et_pb_column][\/et_pb_row][\/et_pb_section]<\/p>","_et_gb_content_width":""},"_links":{"self":[{"href":"https:\/\/www.gerjahelden.nl\/de\/wp-json\/wp\/v2\/pages\/533"}],"collection":[{"href":"https:\/\/www.gerjahelden.nl\/de\/wp-json\/wp\/v2\/pages"}],"about":[{"href":"https:\/\/www.gerjahelden.nl\/de\/wp-json\/wp\/v2\/types\/page"}],"author":[{"embeddable":true,"href":"https:\/\/www.gerjahelden.nl\/de\/wp-json\/wp\/v2\/users\/1"}],"replies":[{"embeddable":true,"href":"https:\/\/www.gerjahelden.nl\/de\/wp-json\/wp\/v2\/comments?post=533"}],"version-history":[{"count":5,"href":"https:\/\/www.gerjahelden.nl\/de\/wp-json\/wp\/v2\/pages\/533\/revisions"}],"predecessor-version":[{"id":918,"href":"https:\/\/www.gerjahelden.nl\/de\/wp-json\/wp\/v2\/pages\/533\/revisions\/918"}],"wp:attachment":[{"href":"https:\/\/www.gerjahelden.nl\/de\/wp-json\/wp\/v2\/media?parent=533"}],"curies":[{"name":"wp","href":"https:\/\/api.w.org\/{rel}","templated":true}]}}