{"id":545,"date":"2016-03-08T15:45:51","date_gmt":"2016-03-08T14:45:51","guid":{"rendered":"http:\/\/www.gerjahelden.nl\/de\/?page_id=545"},"modified":"2016-04-01T15:15:27","modified_gmt":"2016-04-01T13:15:27","slug":"ueber-gerja","status":"publish","type":"page","link":"https:\/\/www.gerjahelden.nl\/de\/ueber-gerja\/","title":{"rendered":"\u00fcber Gerja"},"content":{"rendered":"<p>[et_pb_section admin_label=&#8220;Sectie&#8220; fullwidth=&#8220;on&#8220; specialty=&#8220;off&#8220; transparent_background=&#8220;on&#8220; allow_player_pause=&#8220;off&#8220; inner_shadow=&#8220;off&#8220; parallax=&#8220;off&#8220; parallax_method=&#8220;off&#8220; padding_mobile=&#8220;off&#8220; make_fullwidth=&#8220;off&#8220; use_custom_width=&#8220;off&#8220; width_unit=&#8220;on&#8220; make_equal=&#8220;off&#8220; use_custom_gutter=&#8220;off&#8220;][et_pb_fullwidth_post_title admin_label=&#8220;Berichtstitel volle breedte met achtergrond&#8220; title=&#8220;on&#8220; meta=&#8220;off&#8220; author=&#8220;on&#8220; date=&#8220;on&#8220; categories=&#8220;on&#8220; comments=&#8220;on&#8220; featured_image=&#8220;off&#8220; featured_placement=&#8220;background&#8220; parallax_effect=&#8220;off&#8220; parallax_method=&#8220;on&#8220; text_orientation=&#8220;left&#8220; text_color=&#8220;dark&#8220; text_background=&#8220;off&#8220; text_bg_color=&#8220;rgba(255,255,255,0.9)&#8220; module_bg_color=&#8220;rgba(255,255,255,0)&#8220; title_all_caps=&#8220;off&#8220; use_border_color=&#8220;off&#8220; border_color=&#8220;#ffffff&#8220; border_style=&#8220;solid&#8220; title_font_size=&#8220;100px&#8220; module_class=&#8220;titlebg&#8220;] [\/et_pb_fullwidth_post_title][et_pb_fullwidth_code admin_label=&#8220;Horzintale blauwe lijn volle breedte&#8220;]&lt;hr class=&#8220;blue-line&#8220;&gt;[\/et_pb_fullwidth_code][\/et_pb_section][et_pb_section admin_label=&#8220;section&#8220;][et_pb_row admin_label=&#8220;row&#8220; make_fullwidth=&#8220;off&#8220; use_custom_width=&#8220;off&#8220; width_unit=&#8220;on&#8220; use_custom_gutter=&#8220;off&#8220; padding_mobile=&#8220;off&#8220; allow_player_pause=&#8220;off&#8220; parallax=&#8220;off&#8220; parallax_method=&#8220;off&#8220; make_equal=&#8220;off&#8220; parallax_1=&#8220;off&#8220; parallax_method_1=&#8220;off&#8220; parallax_2=&#8220;off&#8220; parallax_method_2=&#8220;off&#8220; column_padding_mobile=&#8220;on&#8220; custom_css_main_element=&#8220;padding-bottom: 0px;&#8220;][et_pb_column type=&#8220;1_2&#8243;][et_pb_text admin_label=&#8220;Tekst&#8220; background_layout=&#8220;light&#8220; text_orientation=&#8220;left&#8220; use_border_color=&#8220;off&#8220; border_color=&#8220;#ffffff&#8220; border_style=&#8220;solid&#8220;]<\/p>\n<p>Bei Gerja Helden BV dreht sich alles um die Qualit\u00e4t der Gerberas und Germinis. Unser 35 Mitarbeiter starkes Team gibt jeden Tag sein Bestes, um die gez\u00fcchteten Gerberas und Germinis genauso sch\u00f6n an den Kunden zu liefern, wie diese bei uns im Gew\u00e4chshaus stehen. Dies tun wir bereits seit 1996, als Lei Janssen Gerja Helden gr\u00fcndete. Nach einer jahrelangen Kooperation mit Lei steht heute Eric Theunissen am Ruder des Unternehmens \u2013 und sucht nach wie vor t\u00e4glich die beste Art und Weise, um die W\u00fcnsche eines jeden Kunden zu erf\u00fcllen.<\/p>\n<p><strong>Flexibel und zuverl\u00e4ssig<br \/>\n<\/strong>Wir interessieren uns aufrichtig f\u00fcr Ihre W\u00fcnsche und Bed\u00fcrfnisse, denn auf diese W\u00fcnsche und Bed\u00fcrfnisse stimmen wir unseren Service ab. So bieten wir unterschiedliche, eigene Verpackungsmethoden an, die die hervorragende Qualit\u00e4t aller Gerberas und Germinis gew\u00e4hrleisten. Aber auch der Zeitpunkt der Lieferung, die Planung von Aktionen und die Rundumversorgung im Bereich Bestandsf\u00fchrung geh\u00f6ren dazu. Sie erhalten ein fantastisches Produkt und zwar auf die von Ihnen gew\u00fcnschte Art und zu dem von Ihnen gew\u00fcnschten Zeitpunkt!<\/p>\n<p>&nbsp;<\/p>\n<p>[\/et_pb_text][\/et_pb_column][et_pb_column type=&#8220;1_2&#8243;][et_pb_image admin_label=&#8220;Afbeelding&#8220; src=&#8220;http:\/\/www.gerjahelden.nl\/wp-content\/uploads\/2016\/03\/Gerja-Helden-Eric-Theunissen-e1458888635954.jpg&#8220; show_in_lightbox=&#8220;on&#8220; url_new_window=&#8220;off&#8220; use_overlay=&#8220;off&#8220; animation=&#8220;right&#8220; sticky=&#8220;off&#8220; align=&#8220;left&#8220; force_fullwidth=&#8220;off&#8220; always_center_on_mobile=&#8220;on&#8220; use_border_color=&#8220;off&#8220; border_color=&#8220;#ffffff&#8220; border_style=&#8220;solid&#8220; alt=&#8220;Gerja-Helden-Eric-Theunissen&#8220;] [\/et_pb_image][\/et_pb_column][\/et_pb_row][et_pb_row admin_label=&#8220;Rij&#8220; make_fullwidth=&#8220;off&#8220; use_custom_width=&#8220;off&#8220; width_unit=&#8220;on&#8220; use_custom_gutter=&#8220;off&#8220; padding_mobile=&#8220;off&#8220; custom_margin=&#8220;0px|||&#8220; allow_player_pause=&#8220;off&#8220; parallax=&#8220;off&#8220; parallax_method=&#8220;off&#8220; make_equal=&#8220;off&#8220; parallax_1=&#8220;off&#8220; parallax_method_1=&#8220;off&#8220; column_padding_mobile=&#8220;on&#8220; custom_margin_last_edited=&#8220;off|&#8220; padding_top_1=&#8220;0px&#8220; custom_css_main_element=&#8220;padding-top: 0px;&#8220;][et_pb_column type=&#8220;1_2&#8243;][et_pb_text admin_label=&#8220;Tekst&#8220; background_layout=&#8220;light&#8220; text_orientation=&#8220;left&#8220; use_border_color=&#8220;off&#8220; border_color=&#8220;#ffffff&#8220; border_style=&#8220;solid&#8220;]<\/p>\n<p><strong>Innovativ in Anbau und Sortiment<br \/>\n<\/strong>Jedes Jahr investiert Gerja Helden in die modernsten Anbautechniken. Unsere Umgebung und Umwelt liegen uns am Herzen, weshalb wir m\u00f6glichst nachhaltig arbeiten. Wir setzen zum Beispiel m\u00f6glichst biologische Bek\u00e4mpfungsmittel ein, um Krankheiten und Sch\u00e4dlinge zu vermeiden. Dank einer Beleuchtungsst\u00e4rke von 100 Mikromol PAR und des angewendeten Wissens aus \u201eHet Nieuwe Telen\u201c (eine energiesparende Anbaumethode mit optimaler Produktion) k\u00f6nnen wir ganzj\u00e4hrig qualitativ hochwertige Gerberas und Germinis liefern.<\/p>\n<p>Auch die Gerberas und Germinis selbst sind fortlaufend in Entwicklung. Jedes Jahr, w\u00e4hrend des Fruchtwechsels, passen wir das Sortiment an die aktuelle Marktnachfrage an. Selbstverst\u00e4ndlich steht bei dieser Sortimentsauswahl die Qualit\u00e4t im Vordergrund.<\/p>\n<p>[\/et_pb_text][\/et_pb_column][et_pb_column type=&#8220;1_2&#8243;][et_pb_image admin_label=&#8220;Afbeelding&#8220; src=&#8220;http:\/\/www.gerjahelden.nl\/wp-content\/uploads\/2016\/03\/team_gerja.jpg&#8220; show_in_lightbox=&#8220;on&#8220; url_new_window=&#8220;off&#8220; use_overlay=&#8220;off&#8220; animation=&#8220;left&#8220; sticky=&#8220;off&#8220; align=&#8220;left&#8220; force_fullwidth=&#8220;off&#8220; always_center_on_mobile=&#8220;on&#8220; use_border_color=&#8220;off&#8220; border_color=&#8220;#ffffff&#8220; border_style=&#8220;solid&#8220;] [\/et_pb_image][\/et_pb_column][\/et_pb_row][et_pb_row admin_label=&#8220;Rij&#8220;][et_pb_column type=&#8220;4_4&#8243;][et_pb_image admin_label=&#8220;Gerja in de schemering&#8220; saved_tabs=&#8220;all&#8220; global_module=&#8220;827&#8243; src=&#8220;http:\/\/www.gerjahelden.nl\/wp-content\/uploads\/2016\/03\/gerja_in_schemering.jpg&#8220; show_in_lightbox=&#8220;off&#8220; url_new_window=&#8220;off&#8220; use_overlay=&#8220;off&#8220; animation=&#8220;off&#8220; sticky=&#8220;off&#8220; align=&#8220;left&#8220; force_fullwidth=&#8220;off&#8220; always_center_on_mobile=&#8220;on&#8220; use_border_color=&#8220;off&#8220; border_color=&#8220;#ffffff&#8220; border_style=&#8220;solid&#8220;] [\/et_pb_image][\/et_pb_column][\/et_pb_row][\/et_pb_section]<\/p>\n","protected":false},"excerpt":{"rendered":"<p>[et_pb_section admin_label=&#8220;Sectie&#8220; fullwidth=&#8220;on&#8220; specialty=&#8220;off&#8220; transparent_background=&#8220;on&#8220; allow_player_pause=&#8220;off&#8220; inner_shadow=&#8220;off&#8220; parallax=&#8220;off&#8220; parallax_method=&#8220;off&#8220; padding_mobile=&#8220;off&#8220; make_fullwidth=&#8220;off&#8220; use_custom_width=&#8220;off&#8220; width_unit=&#8220;on&#8220; make_equal=&#8220;off&#8220; use_custom_gutter=&#8220;off&#8220;][et_pb_fullwidth_post_title admin_label=&#8220;Berichtstitel volle breedte met achtergrond&#8220; title=&#8220;on&#8220; meta=&#8220;off&#8220; author=&#8220;on&#8220; date=&#8220;on&#8220; categories=&#8220;on&#8220; comments=&#8220;on&#8220; featured_image=&#8220;off&#8220; featured_placement=&#8220;background&#8220; parallax_effect=&#8220;off&#8220; parallax_method=&#8220;on&#8220; text_orientation=&#8220;left&#8220; text_color=&#8220;dark&#8220; text_background=&#8220;off&#8220; text_bg_color=&#8220;rgba(255,255,255,0.9)&#8220; module_bg_color=&#8220;rgba(255,255,255,0)&#8220; title_all_caps=&#8220;off&#8220; use_border_color=&#8220;off&#8220; border_color=&#8220;#ffffff&#8220; border_style=&#8220;solid&#8220; title_font_size=&#8220;100px&#8220; module_class=&#8220;titlebg&#8220;] [\/et_pb_fullwidth_post_title][et_pb_fullwidth_code admin_label=&#8220;Horzintale blauwe lijn volle breedte&#8220;]&lt;hr class=&#8220;blue-line&#8220;&gt;[\/et_pb_fullwidth_code][\/et_pb_section][et_pb_section admin_label=&#8220;section&#8220;][et_pb_row admin_label=&#8220;row&#8220; make_fullwidth=&#8220;off&#8220; use_custom_width=&#8220;off&#8220; width_unit=&#8220;on&#8220; use_custom_gutter=&#8220;off&#8220; padding_mobile=&#8220;off&#8220; [&hellip;]<\/p>\n","protected":false},"author":1,"featured_media":0,"parent":0,"menu_order":0,"comment_status":"closed","ping_status":"closed","template":"","meta":{"_et_pb_use_builder":"on","_et_pb_old_content":"<p>Bij Gerja Helden BV draait alles om de kwaliteit van de gerbera\u2019s en germini\u2019s. Met 35 medewerkers sterk, zijn we iedere dag volop in de weer om de geteelde gerbera\u2019s en germini\u2019s n\u00e9t zo mooi bij de klant te krijgen, als dat ze bij ons in de kas staan. Dat doen we al sinds 1996, toen Lei Janssen Gerja Helden oprichtte. Na een jarenlange samenwerking met Lei, staat Eric Theunissen vandaag de dag aan het roer. Nog steeds iedere dag op zoek, naar de beste manieren om de wensen van iedere klant te vervullen.<\/p><p><strong>Flexibel en betrouwbaar<\/strong><br \/> We zijn oprecht nieuwsgierig naar uw wensen en behoeften. Want op die wensen en behoeften stemmen wij onze service af! Dat doen we onder andere door verschillende, eigen verpakkingsmethoden, die de prachtige kwaliteit van alle gerbera\u2019s en germini\u2019s waarborgen aan te bieden. Maar ook het tijdstip van afleveren, het plannen van acties en het ontzorgen op het gebied van voorraadbeheer hoort daarbij. U krijgt een prachtig product, op de manier hoe u het wilt \u00e9n wanneer u het wilt!<\/p><p><strong>Innovatief in teelt en assortiment<\/strong><br \/> Ieder jaar investeert Gerja Helden in de modernste teelttechnieken. Onze omgeving en het milieu gaan ons aan het hart, dus we werken zo duurzaam mogelijk. We zetten bijvoorbeeld zoveel mogelijk biologische bestrijders in om ziektes en plagen te voorkomen. Met een belichtingssterkte van 100 micromol Par en de toegepaste kennis uit \u201cHet nieuwe Telen\u201d, zijn we in staat om jaarrond kwalitatief hoogstaande gerbera\u2019s en germini\u2019s te kunnen leveren!<\/p><p>Ook de gerbera\u2019s en germini\u2019s zelf, zijn continu in ontwikkeling. Jaarlijks, tijdens de teeltwisseling, passen we het assortiment aan naar de actuele vraag van de markt. Vanzelfsprekend staat bij die assortimentskeuze, de kwaliteit voorop.<\/p>","_et_gb_content_width":""},"_links":{"self":[{"href":"https:\/\/www.gerjahelden.nl\/de\/wp-json\/wp\/v2\/pages\/545"}],"collection":[{"href":"https:\/\/www.gerjahelden.nl\/de\/wp-json\/wp\/v2\/pages"}],"about":[{"href":"https:\/\/www.gerjahelden.nl\/de\/wp-json\/wp\/v2\/types\/page"}],"author":[{"embeddable":true,"href":"https:\/\/www.gerjahelden.nl\/de\/wp-json\/wp\/v2\/users\/1"}],"replies":[{"embeddable":true,"href":"https:\/\/www.gerjahelden.nl\/de\/wp-json\/wp\/v2\/comments?post=545"}],"version-history":[{"count":8,"href":"https:\/\/www.gerjahelden.nl\/de\/wp-json\/wp\/v2\/pages\/545\/revisions"}],"predecessor-version":[{"id":915,"href":"https:\/\/www.gerjahelden.nl\/de\/wp-json\/wp\/v2\/pages\/545\/revisions\/915"}],"wp:attachment":[{"href":"https:\/\/www.gerjahelden.nl\/de\/wp-json\/wp\/v2\/media?parent=545"}],"curies":[{"name":"wp","href":"https:\/\/api.w.org\/{rel}","templated":true}]}}