{"id":851,"date":"2016-03-30T13:34:50","date_gmt":"2016-03-30T11:34:50","guid":{"rendered":"http:\/\/www.gerjahelden.nl\/de\/?page_id=851"},"modified":"2016-04-01T15:14:12","modified_gmt":"2016-04-01T13:14:12","slug":"narrowcasting","status":"publish","type":"page","link":"https:\/\/www.gerjahelden.nl\/de\/ueber-gerja\/narrowcasting\/","title":{"rendered":"InFlorist narrowcasting"},"content":{"rendered":"<p>[et_pb_section admin_label=&#8220;Sectie&#8220; fullwidth=&#8220;on&#8220; specialty=&#8220;off&#8220; transparent_background=&#8220;on&#8220; allow_player_pause=&#8220;off&#8220; inner_shadow=&#8220;off&#8220; parallax=&#8220;off&#8220; parallax_method=&#8220;off&#8220; padding_mobile=&#8220;off&#8220; make_fullwidth=&#8220;off&#8220; use_custom_width=&#8220;off&#8220; width_unit=&#8220;on&#8220; make_equal=&#8220;off&#8220; use_custom_gutter=&#8220;off&#8220;][et_pb_fullwidth_post_title admin_label=&#8220;Berichtstitel volle breedte met achtergrond&#8220; title=&#8220;on&#8220; meta=&#8220;off&#8220; author=&#8220;on&#8220; date=&#8220;on&#8220; categories=&#8220;on&#8220; comments=&#8220;on&#8220; featured_image=&#8220;off&#8220; featured_placement=&#8220;background&#8220; parallax_effect=&#8220;off&#8220; parallax_method=&#8220;on&#8220; text_orientation=&#8220;left&#8220; text_color=&#8220;dark&#8220; text_background=&#8220;off&#8220; text_bg_color=&#8220;rgba(255,255,255,0.9)&#8220; module_bg_color=&#8220;rgba(255,255,255,0)&#8220; title_all_caps=&#8220;off&#8220; use_border_color=&#8220;off&#8220; border_color=&#8220;#ffffff&#8220; border_style=&#8220;solid&#8220; title_font_size=&#8220;100px&#8220; module_class=&#8220;titlebg&#8220;] [\/et_pb_fullwidth_post_title][et_pb_fullwidth_code admin_label=&#8220;Horzintale blauwe lijn volle breedte&#8220;]&lt;hr class=&#8220;blue-line&#8220;&gt;[\/et_pb_fullwidth_code][\/et_pb_section][et_pb_section admin_label=&#8220;section&#8220;][et_pb_row admin_label=&#8220;row&#8220;][et_pb_column type=&#8220;4_4&#8243;][et_pb_gallery admin_label=&#8220;narrow casting gallerij&#8220; gallery_ids=&#8220;852,853,854,855,856,857,858,859&#8243; gallery_orderby=&#8220;rand&#8220; fullwidth=&#8220;on&#8220; posts_number=&#8220;12&#8243; show_title_and_caption=&#8220;off&#8220; show_pagination=&#8220;on&#8220; background_layout=&#8220;light&#8220; auto=&#8220;on&#8220; hover_overlay_color=&#8220;rgba(255,255,255,0.9)&#8220; caption_all_caps=&#8220;off&#8220; use_border_color=&#8220;off&#8220; border_color=&#8220;#ffffff&#8220; border_style=&#8220;solid&#8220; auto_speed=&#8220;3000&#8243;] [\/et_pb_gallery][et_pb_text admin_label=&#8220;Tekst&#8220; background_layout=&#8220;light&#8220; text_orientation=&#8220;left&#8220; use_border_color=&#8220;off&#8220; border_color=&#8220;#ffffff&#8220; border_style=&#8220;solid&#8220;]<\/p>\n<h3 style=\"text-align: center;\">Pure Quality!!!<\/h3>\n<p style=\"text-align: center;\">So lautet in unterschiedlichen Bereichen das t\u00e4gliche Ziel von Gerja Helden.<\/p>\n<p style=\"text-align: center;\">\u2022 Unsere t\u00e4glich an Kunden gelieferten Gerberas und Germinis m\u00fcssen mit einer hochwertigen Qualit\u00e4t \u00fcberzeugen.<br \/>\n\u2022 Unsere Dienstleistung und die Zusammenarbeit mit unseren Abnehmern m\u00fcssen zu einer \u201eWin-win-Situation\u201c f\u00fchren.<br \/>\n\u2022 Unser Mitarbeiter-Team macht die Blumen mit gr\u00f6\u00dftm\u00f6glicher Sorgfalt versandbereit.<br \/>\n\u2022 Unser Unternehmen, in dem wir immer wieder die besten Wachstumsbedingungen f\u00fcr unsere Pflanzen anstreben, ist \u201edie Fabrik\u201c unseres Produkts.<br \/>\n\u2022 Unsere Umgebung nutzen wir auf eine m\u00f6glichst nachhaltige Art.<\/p>\n<p>[\/et_pb_text][\/et_pb_column][\/et_pb_row][\/et_pb_section]<\/p>\n","protected":false},"excerpt":{"rendered":"<p>[et_pb_section admin_label=&#8220;Sectie&#8220; fullwidth=&#8220;on&#8220; specialty=&#8220;off&#8220; transparent_background=&#8220;on&#8220; allow_player_pause=&#8220;off&#8220; inner_shadow=&#8220;off&#8220; parallax=&#8220;off&#8220; parallax_method=&#8220;off&#8220; padding_mobile=&#8220;off&#8220; make_fullwidth=&#8220;off&#8220; use_custom_width=&#8220;off&#8220; width_unit=&#8220;on&#8220; make_equal=&#8220;off&#8220; use_custom_gutter=&#8220;off&#8220;][et_pb_fullwidth_post_title admin_label=&#8220;Berichtstitel volle breedte met achtergrond&#8220; title=&#8220;on&#8220; meta=&#8220;off&#8220; author=&#8220;on&#8220; date=&#8220;on&#8220; categories=&#8220;on&#8220; comments=&#8220;on&#8220; featured_image=&#8220;off&#8220; featured_placement=&#8220;background&#8220; parallax_effect=&#8220;off&#8220; parallax_method=&#8220;on&#8220; text_orientation=&#8220;left&#8220; text_color=&#8220;dark&#8220; text_background=&#8220;off&#8220; text_bg_color=&#8220;rgba(255,255,255,0.9)&#8220; module_bg_color=&#8220;rgba(255,255,255,0)&#8220; title_all_caps=&#8220;off&#8220; use_border_color=&#8220;off&#8220; border_color=&#8220;#ffffff&#8220; border_style=&#8220;solid&#8220; title_font_size=&#8220;100px&#8220; module_class=&#8220;titlebg&#8220;] [\/et_pb_fullwidth_post_title][et_pb_fullwidth_code admin_label=&#8220;Horzintale blauwe lijn volle breedte&#8220;]&lt;hr class=&#8220;blue-line&#8220;&gt;[\/et_pb_fullwidth_code][\/et_pb_section][et_pb_section admin_label=&#8220;section&#8220;][et_pb_row admin_label=&#8220;row&#8220;][et_pb_column type=&#8220;4_4&#8243;][et_pb_gallery admin_label=&#8220;narrow casting gallerij&#8220; gallery_ids=&#8220;852,853,854,855,856,857,858,859&#8243; [&hellip;]<\/p>\n","protected":false},"author":1,"featured_media":0,"parent":545,"menu_order":0,"comment_status":"closed","ping_status":"closed","template":"","meta":{"_et_pb_use_builder":"on","_et_pb_old_content":"","_et_gb_content_width":""},"_links":{"self":[{"href":"https:\/\/www.gerjahelden.nl\/de\/wp-json\/wp\/v2\/pages\/851"}],"collection":[{"href":"https:\/\/www.gerjahelden.nl\/de\/wp-json\/wp\/v2\/pages"}],"about":[{"href":"https:\/\/www.gerjahelden.nl\/de\/wp-json\/wp\/v2\/types\/page"}],"author":[{"embeddable":true,"href":"https:\/\/www.gerjahelden.nl\/de\/wp-json\/wp\/v2\/users\/1"}],"replies":[{"embeddable":true,"href":"https:\/\/www.gerjahelden.nl\/de\/wp-json\/wp\/v2\/comments?post=851"}],"version-history":[{"count":8,"href":"https:\/\/www.gerjahelden.nl\/de\/wp-json\/wp\/v2\/pages\/851\/revisions"}],"predecessor-version":[{"id":914,"href":"https:\/\/www.gerjahelden.nl\/de\/wp-json\/wp\/v2\/pages\/851\/revisions\/914"}],"up":[{"embeddable":true,"href":"https:\/\/www.gerjahelden.nl\/de\/wp-json\/wp\/v2\/pages\/545"}],"wp:attachment":[{"href":"https:\/\/www.gerjahelden.nl\/de\/wp-json\/wp\/v2\/media?parent=851"}],"curies":[{"name":"wp","href":"https:\/\/api.w.org\/{rel}","templated":true}]}}